{"id":1045,"date":"2019-07-01T06:23:17","date_gmt":"2019-07-01T06:23:17","guid":{"rendered":"http:\/\/fotoreferent.de\/?page_id=1045"},"modified":"2019-07-01T06:41:05","modified_gmt":"2019-07-01T06:41:05","slug":"referenzen","status":"publish","type":"page","link":"https:\/\/fotoreferent.de\/?page_id=1045","title":{"rendered":"Referenzen"},"content":{"rendered":"\n<p class=\"has-text-color has-background has-white-color has-blue-background-color\">Seminare, Workshops &amp; Kurse<\/p>\n\n\n\n<ul class=\"wp-block-list\"><li>Ludwig-Maximilians Universit\u00e4t (LMU) M\u00fcnchen: Lehrveranstaltungen<\/li><li>M\u00fcnchner Volkshochschule (MVHS): Workshops und Kurse<\/li><li>Graphische Sammlung M\u00fcnchen: Multispektral Fotografie und Fotokurse<\/li><li>Wittelsbacher Gymnasium: Begleitung Erasmus-Plus (EU) Projekt 2019\/2020<\/li><li>Foto Dinkel Akademie M\u00fcnchen<\/li><\/ul>\n\n\n\n<p class=\"has-text-color has-background has-white-color has-blue-background-color\">Publikationen<\/p>\n\n\n\n<ul class=\"wp-block-list\"><li> Geo &#8211; ART &#8211; ARD &#8211; BR-alpha<\/li><li> Focus &#8211; Welt<\/li><li> Nature &#8211; Scientific Reports<\/li><li> Wired &#8211; form &#8211; Das Erste.de<\/li><li> ATLAS\/Istanbul &#8211; S\u00fcddeutsche Zeitung<\/li><li> Natural History Museum &#8211; London<\/li><li> North Carolina Art Museum<\/li><li> Stiftung Pinakothek der Moderne<\/li><li> Glyptothek &#8211; Munich<\/li><li> Deutsches Museum &#8211; Munich<\/li><li> dodho online photography magazine<\/li><li> De Gruyter Verlag<\/li><li> Hirmer Verlag<\/li><li> Verlag Komplett-Media<\/li><li> Graphische Sammlung M\u00fcnchen<\/li><li> LMU Ludwig-Maximilians-Universit\u00e4t M\u00fcnchen<\/li><li> UvA Universiteit van Amsterdam<\/li><li> MVHS M\u00fcnchner Volkshochschule<\/li><li> LRZ Leibniz Rechenzentrum<\/li><li> dpa picture alliance<\/li><\/ul>\n\n\n\n<p class=\"has-text-color has-background has-white-color has-blue-background-color\"> Publikationen im Eigenverlag<\/p>\n\n\n\n<ul class=\"wp-block-list\"><li> <strong>2012<\/strong> &#8211; Light Beams and Time Streams<\/li><li> <strong>2010<\/strong> &#8211; Munich Street Art<\/li><\/ul>\n\n\n\n<p class=\"has-text-color has-background has-white-color has-blue-background-color\">Ausstellungen<\/p>\n\n\n\n<ul class=\"wp-block-list\"><li><strong>2015<\/strong><br> <a rel=\"noreferrer noopener\" href=\"http:\/\/www.thebricklanegallery.com\" target=\"_blank\">The Brick Lane Gallery &#8211; ANNEXE<\/a> &#8211; London<br> LANDSCAPE &#8211; RURAL VS URBAN<\/li><li><strong>2014<\/strong><br> <a rel=\"noreferrer noopener\" href=\"http:\/\/www.nhm.ac.uk\/\" target=\"_blank\">Natural History Museum<\/a> &#8211; London<br> Science Uncovered<\/li><li><strong>2013\/2014<\/strong><br> Plaster Cast Museum of the Antiques (<a rel=\"noreferrer noopener\" href=\"http:\/\/www.abgussmuseum.de\" target=\"_blank\">MFA<\/a>)\u00a0&#8211; Munich<br> FluxLux Exhibition with sculptor <a rel=\"noreferrer noopener\" href=\"http:\/\/www.christoph-bergmann.de\" target=\"_blank\">Christoph Bergmann<\/a><\/li><li><strong>2012<\/strong><br> Museum Reich der Kristalle &#8211; Munich<br> Exhibition with artist\/photographer Horst Ziegler<\/li><\/ul>\n","protected":false},"excerpt":{"rendered":"<p>Seminare, Workshops &amp; Kurse Ludwig-Maximilians Universit\u00e4t (LMU) M\u00fcnchen: Lehrveranstaltungen M\u00fcnchner Volkshochschule (MVHS): Workshops und Kurse Graphische Sammlung M\u00fcnchen: Multispektral Fotografie und Fotokurse Wittelsbacher Gymnasium: Begleitung Erasmus-Plus (EU) Projekt 2019\/2020 Foto Dinkel Akademie M\u00fcnchen Publikationen Geo &#8211; ART &#8211; ARD &#8211; BR-alpha Focus &#8211; Welt Nature &#8211; Scientific Reports Wired &#8211; form &#8211; Das Erste.de ATLAS\/Istanbul&hellip;<\/p>\n","protected":false},"author":1,"featured_media":0,"parent":0,"menu_order":0,"comment_status":"closed","ping_status":"closed","template":"","meta":{"ngg_post_thumbnail":0,"footnotes":""},"class_list":["post-1045","page","type-page","status-publish","hentry","no-post-thumbnail","post-grid-3-col","entry"],"_links":{"self":[{"href":"https:\/\/fotoreferent.de\/index.php?rest_route=\/wp\/v2\/pages\/1045","targetHints":{"allow":["GET"]}}],"collection":[{"href":"https:\/\/fotoreferent.de\/index.php?rest_route=\/wp\/v2\/pages"}],"about":[{"href":"https:\/\/fotoreferent.de\/index.php?rest_route=\/wp\/v2\/types\/page"}],"author":[{"embeddable":true,"href":"https:\/\/fotoreferent.de\/index.php?rest_route=\/wp\/v2\/users\/1"}],"replies":[{"embeddable":true,"href":"https:\/\/fotoreferent.de\/index.php?rest_route=%2Fwp%2Fv2%2Fcomments&post=1045"}],"version-history":[{"count":7,"href":"https:\/\/fotoreferent.de\/index.php?rest_route=\/wp\/v2\/pages\/1045\/revisions"}],"predecessor-version":[{"id":1054,"href":"https:\/\/fotoreferent.de\/index.php?rest_route=\/wp\/v2\/pages\/1045\/revisions\/1054"}],"wp:attachment":[{"href":"https:\/\/fotoreferent.de\/index.php?rest_route=%2Fwp%2Fv2%2Fmedia&parent=1045"}],"curies":[{"name":"wp","href":"https:\/\/api.w.org\/{rel}","templated":true}]}}