{"id":19,"date":"2019-06-30T14:11:00","date_gmt":"2019-06-30T14:11:00","guid":{"rendered":"http:\/\/fotoreferent.de\/?page_id=19"},"modified":"2020-04-05T18:45:54","modified_gmt":"2020-04-05T18:45:54","slug":"workshops-kurse","status":"publish","type":"page","link":"https:\/\/fotoreferent.de\/?page_id=19","title":{"rendered":"Workshops &#038; Kurse"},"content":{"rendered":"\n<p>Du m\u00f6chtest interessante und besser gestaltete Fotografien machen? Vielleicht sogar Deine digitalen Bilder vorbereiten f\u00fcr Fine-Art Prints?<\/p>\n\n\n\n<p>Hier gibt es mehrere Workshops und Kurse wobei Du die Fotografie in eine angenehme Atmosph\u00e4re und mit Freude erlernen kannst.<\/p>\n\n\n\n<p>Auf Anfrage k\u00f6nnen Foto-Kurse auch online angeboten werden.<\/p>\n\n\n\n<p class=\"has-text-color has-background has-white-color has-blue-background-color\"><strong>MVHS-Workshops<\/strong><\/p>\n\n\n\n<ul class=\"wp-block-list\"><li>Fotografieren im Museum f\u00fcr Abg\u00fcsse Klassischer Bildwerke<br>(Mai 2020)<\/li><li>Cyanotypien im Abgussmuseum (Juni 2020)<\/li><li>Ein Besuch auf dem Ranch und im Saloon des Cowboy Clubs an der Isar (Okt.\/Nov. 2020)<\/li><li>Photo-Walk at Christmas time (12.12.2020)<br>Sprache: English<br>Schwabing\/Christmas market &#8211; M\u00fcnchner Freiheit<\/li><li>Fotografieren im Museum f\u00fcr Abg\u00fcsse Klassischer Bildwerke<\/li><li>Die blaue Stunde &#8211; <em>die optische Trickkiste der Natur<\/em> (Jan. 2021)<\/li><li>Aktfotografie im Speicher des Museums<br>Museum f\u00fcr Abg\u00fcsse Klassischer Bildwerke<br>Sommer 2021<\/li><\/ul>\n","protected":false},"excerpt":{"rendered":"<p>Du m\u00f6chtest interessante und besser gestaltete Fotografien machen? Vielleicht sogar Deine digitalen Bilder vorbereiten f\u00fcr Fine-Art Prints? Hier gibt es mehrere Workshops und Kurse wobei Du die Fotografie in eine angenehme Atmosph\u00e4re und mit Freude erlernen kannst. Auf Anfrage k\u00f6nnen Foto-Kurse auch online angeboten werden. MVHS-Workshops Fotografieren im Museum f\u00fcr Abg\u00fcsse Klassischer Bildwerke(Mai 2020) Cyanotypien&hellip;<\/p>\n","protected":false},"author":1,"featured_media":0,"parent":0,"menu_order":0,"comment_status":"closed","ping_status":"closed","template":"","meta":{"ngg_post_thumbnail":0,"footnotes":""},"class_list":["post-19","page","type-page","status-publish","hentry","no-post-thumbnail","post-grid-3-col","entry"],"_links":{"self":[{"href":"https:\/\/fotoreferent.de\/index.php?rest_route=\/wp\/v2\/pages\/19","targetHints":{"allow":["GET"]}}],"collection":[{"href":"https:\/\/fotoreferent.de\/index.php?rest_route=\/wp\/v2\/pages"}],"about":[{"href":"https:\/\/fotoreferent.de\/index.php?rest_route=\/wp\/v2\/types\/page"}],"author":[{"embeddable":true,"href":"https:\/\/fotoreferent.de\/index.php?rest_route=\/wp\/v2\/users\/1"}],"replies":[{"embeddable":true,"href":"https:\/\/fotoreferent.de\/index.php?rest_route=%2Fwp%2Fv2%2Fcomments&post=19"}],"version-history":[{"count":5,"href":"https:\/\/fotoreferent.de\/index.php?rest_route=\/wp\/v2\/pages\/19\/revisions"}],"predecessor-version":[{"id":1144,"href":"https:\/\/fotoreferent.de\/index.php?rest_route=\/wp\/v2\/pages\/19\/revisions\/1144"}],"wp:attachment":[{"href":"https:\/\/fotoreferent.de\/index.php?rest_route=%2Fwp%2Fv2%2Fmedia&parent=19"}],"curies":[{"name":"wp","href":"https:\/\/api.w.org\/{rel}","templated":true}]}}